{"id":175,"date":"2018-03-07T16:05:21","date_gmt":"2018-03-07T15:05:21","guid":{"rendered":"http:\/\/fcc.mohanty-gmbh.de\/reperaturen\/"},"modified":"2024-11-07T15:52:38","modified_gmt":"2024-11-07T14:52:38","slug":"reparaturen","status":"publish","type":"page","link":"https:\/\/www.fibrecableconnect.de\/en\/products-services\/reparaturen\/","title":{"rendered":"LLK | Laserkabel-Reparaturservice"},"content":{"rendered":"\n<p>f\u00fcr faseroptische Strahlf\u00fchrungssysteme<br>LLK Nd:YAG-, Dioden-, Faser- und Scheibenlaser<\/p>\n\n\n\n<p>Neben der Entwicklung und Herstellung von Laserkabeln haben wir auch einen umfassenden, schnellen Reparatur- und Umbauservice weltweit und anbieter\u00fcbergreifend f\u00fcr alle Laserkabeltypen.<br>Alle Laserkabelsysteme k\u00f6nnen individuell nach Kundenwunsch und der jeweiligen Applikation kombiniert und umgebaut werden.<br>Als Spezialist bieten wir die Kombination unterschiedlichster Steckverbindersysteme zur komplement\u00e4ren Anwendung an.<br>LLK-Reparatur und Umbauservice f\u00fcr z. B.: LLK-A, LLK-B, LLK-HP, LLK-D, LLK-Auto, QBH, QD etc.<\/p>\n\n\n\n<p><\/p>\n","protected":false},"excerpt":{"rendered":"<p>f\u00fcr faseroptische Strahlf\u00fchrungssystemeLLK Nd:YAG-, Dioden-, Faser- und Scheibenlaser Neben der Entwicklung und Herstellung von Laserkabeln haben wir auch einen umfassenden, schnellen Reparatur- und Umbauservice weltweit und anbieter\u00fcbergreifend f\u00fcr alle Laserkabeltypen.Alle Laserkabelsysteme k\u00f6nnen individuell nach Kundenwunsch und der jeweiligen Applikation kombiniert und umgebaut werden.Als Spezialist bieten wir die Kombination unterschiedlichster Steckverbindersysteme zur komplement\u00e4ren Anwendung an.LLK-Reparatur und [&hellip;]<\/p>\n","protected":false},"author":3,"featured_media":0,"parent":278,"menu_order":70,"comment_status":"closed","ping_status":"closed","template":"","meta":{"_genesis_hide_title":false,"_genesis_hide_breadcrumbs":false,"_genesis_hide_singular_image":false,"_genesis_hide_footer_widgets":false,"_genesis_custom_body_class":"","_genesis_custom_post_class":"","_genesis_layout":"","footnotes":""},"class_list":{"0":"post-175","1":"page","2":"type-page","3":"status-publish","5":"entry"},"_links":{"self":[{"href":"https:\/\/www.fibrecableconnect.de\/en\/wp-json\/wp\/v2\/pages\/175","targetHints":{"allow":["GET"]}}],"collection":[{"href":"https:\/\/www.fibrecableconnect.de\/en\/wp-json\/wp\/v2\/pages"}],"about":[{"href":"https:\/\/www.fibrecableconnect.de\/en\/wp-json\/wp\/v2\/types\/page"}],"author":[{"embeddable":true,"href":"https:\/\/www.fibrecableconnect.de\/en\/wp-json\/wp\/v2\/users\/3"}],"replies":[{"embeddable":true,"href":"https:\/\/www.fibrecableconnect.de\/en\/wp-json\/wp\/v2\/comments?post=175"}],"version-history":[{"count":7,"href":"https:\/\/www.fibrecableconnect.de\/en\/wp-json\/wp\/v2\/pages\/175\/revisions"}],"predecessor-version":[{"id":1496,"href":"https:\/\/www.fibrecableconnect.de\/en\/wp-json\/wp\/v2\/pages\/175\/revisions\/1496"}],"up":[{"embeddable":true,"href":"https:\/\/www.fibrecableconnect.de\/en\/wp-json\/wp\/v2\/pages\/278"}],"wp:attachment":[{"href":"https:\/\/www.fibrecableconnect.de\/en\/wp-json\/wp\/v2\/media?parent=175"}],"curies":[{"name":"wp","href":"https:\/\/api.w.org\/{rel}","templated":true}]}}