{"id":1479,"date":"2024-10-25T12:22:25","date_gmt":"2024-10-25T10:22:25","guid":{"rendered":"https:\/\/www.fibrecableconnect.de\/?page_id=1479"},"modified":"2024-10-25T13:19:11","modified_gmt":"2024-10-25T11:19:11","slug":"produktionsmitarbeiter-im-bereich-faseroptik-2","status":"publish","type":"page","link":"https:\/\/www.fibrecableconnect.de\/en\/unternehmen\/jobs\/produktionsmitarbeiter-im-bereich-faseroptik-2\/","title":{"rendered":"Entwicklungsingenieur Lasertechnik\/Faseroptik"},"content":{"rendered":"\n<p>Ihre Aufgaben:<\/p>\n\n\n\n<ul class=\"wp-block-list\">\n<li>Neu- und Weiterentwicklung von Lichtwellenleitern und Laserstrahlf\u00fchrungssystemen <\/li>\n\n\n\n<li>Laserbearbeitung von optischen Fasern<\/li>\n\n\n\n<li>Erstellen von Designentw\u00fcrfen, Verfahrensentwicklung f\u00fcr Fertigungsprozeduren<\/li>\n\n\n\n<li>Zusammenarbeit mit Fertigung, QM, Produktmanagement sowie Kunden im In- und Ausland<\/li>\n\n\n\n<li>Planung, Durchf\u00fchrung und Auswertung von Versuchen inkl. der Auswahl geeigneter Messverfahren <\/li>\n\n\n\n<li>Pr\u00fcfen, Messen optischer und mechanischer Eigenschaften<\/li>\n\n\n\n<li>Dokumentation \/ R\u00fcckverfolgbarkeit<\/li>\n<\/ul>\n\n\n\n<p>Anforderungsprofil:<\/p>\n\n\n\n<ul class=\"wp-block-list\">\n<li>Erfolgreich abgeschlossenes Studium der Fachrichtung Physik, Photonik oder vergleichbares Studium<\/li>\n\n\n\n<li>Berufserfahrung in dem oben genannten Aufgabenumfeld wird vorausgesetzt<\/li>\n\n\n\n<li>Erfahrung im Umgang mit CAD-Systemen (SolidWorks)<\/li>\n\n\n\n<li>Wissenschaftliche, analytische Denkweise nachgewiesen durch entsprechende Erfolge<\/li>\n\n\n\n<li>Teamf\u00e4higkeit und Kommunikationsst\u00e4rke gepaart mit selbst\u00e4ndiger engagierter Arbeitsweise<\/li>\n\n\n\n<li>Flie\u00dfende Deutsch- und Englischkenntnisse<\/li>\n\n\n\n<li>Schnelle Auffassungsgabe, \u00e4u\u00dferste Zuverl\u00e4ssigkeit<\/li>\n\n\n\n<li>eine selbstst\u00e4ndige, sorgf\u00e4ltige, ergebnis- und teamorientierte Arbeitsweise<\/li>\n<\/ul>\n\n\n\n<p>Wir bieten:<\/p>\n\n\n\n<ul class=\"wp-block-list\">\n<li>Eine herausfordernde und verantwortungsvolle Aufgabe in einem global t\u00e4tigen und stetig wachsenden Unternehmen<\/li>\n\n\n\n<li>ein hoch motiviertes und engagiertes Team<\/li>\n\n\n\n<li>Flexible Arbeitszeiten<\/li>\n\n\n\n<li>Attraktives Arbeitsumfeld mit guter Verkehrsanbindung<\/li>\n<\/ul>\n\n\n\n<p>Haben wir Ihr Interesse geweckt, dann freuen wir uns auf Ihre Bewerbung<br>Bewerben Sie sich bei uns unter Angabe der Gehaltsvorstellung und Ihres fr\u00fchestm\u00f6glichen Eintrittstermins ausschlie\u00dflich per E-Mail an: bewerbung@fibrecableconnect.de<\/p>\n\n\n\n<p><\/p>\n","protected":false},"excerpt":{"rendered":"<p>Ihre Aufgaben: Anforderungsprofil: Wir bieten: Haben wir Ihr Interesse geweckt, dann freuen wir uns auf Ihre BewerbungBewerben Sie sich bei uns unter Angabe der Gehaltsvorstellung und Ihres fr\u00fchestm\u00f6glichen Eintrittstermins ausschlie\u00dflich per E-Mail an: bewerbung@fibrecableconnect.de<\/p>\n","protected":false},"author":3,"featured_media":0,"parent":1464,"menu_order":1,"comment_status":"closed","ping_status":"closed","template":"","meta":{"_genesis_hide_title":false,"_genesis_hide_breadcrumbs":false,"_genesis_hide_singular_image":false,"_genesis_hide_footer_widgets":false,"_genesis_custom_body_class":"","_genesis_custom_post_class":"","_genesis_layout":"","footnotes":""},"class_list":{"0":"post-1479","1":"page","2":"type-page","3":"status-publish","5":"entry"},"_links":{"self":[{"href":"https:\/\/www.fibrecableconnect.de\/en\/wp-json\/wp\/v2\/pages\/1479","targetHints":{"allow":["GET"]}}],"collection":[{"href":"https:\/\/www.fibrecableconnect.de\/en\/wp-json\/wp\/v2\/pages"}],"about":[{"href":"https:\/\/www.fibrecableconnect.de\/en\/wp-json\/wp\/v2\/types\/page"}],"author":[{"embeddable":true,"href":"https:\/\/www.fibrecableconnect.de\/en\/wp-json\/wp\/v2\/users\/3"}],"replies":[{"embeddable":true,"href":"https:\/\/www.fibrecableconnect.de\/en\/wp-json\/wp\/v2\/comments?post=1479"}],"version-history":[{"count":2,"href":"https:\/\/www.fibrecableconnect.de\/en\/wp-json\/wp\/v2\/pages\/1479\/revisions"}],"predecessor-version":[{"id":1482,"href":"https:\/\/www.fibrecableconnect.de\/en\/wp-json\/wp\/v2\/pages\/1479\/revisions\/1482"}],"up":[{"embeddable":true,"href":"https:\/\/www.fibrecableconnect.de\/en\/wp-json\/wp\/v2\/pages\/1464"}],"wp:attachment":[{"href":"https:\/\/www.fibrecableconnect.de\/en\/wp-json\/wp\/v2\/media?parent=1479"}],"curies":[{"name":"wp","href":"https:\/\/api.w.org\/{rel}","templated":true}]}}