{"id":1475,"date":"2024-10-25T12:07:36","date_gmt":"2024-10-25T10:07:36","guid":{"rendered":"https:\/\/www.fibrecableconnect.de\/?page_id=1475"},"modified":"2024-10-25T12:17:32","modified_gmt":"2024-10-25T10:17:32","slug":"produktionsmitarbeiter-im-bereich-faseroptik","status":"publish","type":"page","link":"https:\/\/www.fibrecableconnect.de\/en\/unternehmen\/jobs\/produktionsmitarbeiter-im-bereich-faseroptik\/","title":{"rendered":"Produktionsmitarbeiter im Bereich Faseroptik"},"content":{"rendered":"\n<p>Ihre Aufgaben:<\/p>\n\n\n\n<ul class=\"wp-block-list\">\n<li>Montage von Lichtwellenleitern und Laserstrahlf\u00fchrungssystemen nach Fertigungsunterlagen<\/li>\n\n\n\n<li>maschinengest\u00fctzte Bearbeitung von optischen Fasern<\/li>\n\n\n\n<li>Herstellung von kundenspezifischen Faserbaugruppen<\/li>\n\n\n\n<li>Versuchsaufbauten f\u00fcr die Entwicklung<\/li>\n\n\n\n<li>Pr\u00fcfen, Messen optischer und mechanischer Eigenschaften<\/li>\n\n\n\n<li>Dokumentation \/ R\u00fcckverfolgbarkeit<\/li>\n<\/ul>\n\n\n\n<p>Anforderungsprofil:<\/p>\n\n\n\n<ul class=\"wp-block-list\">\n<li>abgeschlossene Berufsausbildung zum Feinwerkmechaniker, Mechatroniker, Industriemechaniker<\/li>\n\n\n\n<li>Erfahrung in der Montage, Einrichtung und Pr\u00fcfung von optischen, mechanischen und elektronischen Komponenten<\/li>\n\n\n\n<li>Handwerkliches Geschick, gute feinmotorische F\u00e4higkeiten, Qualit\u00e4tsbewusstsein und gutes Sehverm\u00f6gen<\/li>\n\n\n\n<li>Schnelle Auffassungsgabe, \u00e4u\u00dferste Zuverl\u00e4ssigkeit<\/li>\n\n\n\n<li>eine selbstst\u00e4ndige, sorgf\u00e4ltige, ergebnis- und teamorientierte Arbeitsweise<\/li>\n<\/ul>\n\n\n\n<p>Wir bieten:<\/p>\n\n\n\n<ul class=\"wp-block-list\">\n<li>Eine herausfordernde und verantwortungsvolle Aufgabe in einem global t\u00e4tigen und stetig wachsenden Unternehmen<\/li>\n\n\n\n<li>ein hoch motiviertes und engagiertes Team<\/li>\n\n\n\n<li>Flexible Arbeitszeiten<\/li>\n\n\n\n<li>Attraktives Arbeitsumfeld mit guter Verkehrsanbindung<\/li>\n<\/ul>\n\n\n\n<p>Haben wir Ihr Interesse geweckt, dann freuen wir uns auf Ihre Bewerbung<br>Bewerben Sie sich bei uns unter Angabe der Gehaltsvorstellung und Ihres fr\u00fchestm\u00f6glichen Eintrittstermins ausschlie\u00dflich per E-Mail an: bewerbung@fibrecableconnect.de<\/p>\n\n\n\n<p><\/p>\n","protected":false},"excerpt":{"rendered":"<p>Ihre Aufgaben: Anforderungsprofil: Wir bieten: Haben wir Ihr Interesse geweckt, dann freuen wir uns auf Ihre BewerbungBewerben Sie sich bei uns unter Angabe der Gehaltsvorstellung und Ihres fr\u00fchestm\u00f6glichen Eintrittstermins ausschlie\u00dflich per E-Mail an: bewerbung@fibrecableconnect.de<\/p>\n","protected":false},"author":3,"featured_media":0,"parent":1464,"menu_order":0,"comment_status":"closed","ping_status":"closed","template":"","meta":{"_genesis_hide_title":false,"_genesis_hide_breadcrumbs":false,"_genesis_hide_singular_image":false,"_genesis_hide_footer_widgets":false,"_genesis_custom_body_class":"","_genesis_custom_post_class":"","_genesis_layout":"","footnotes":""},"class_list":{"0":"post-1475","1":"page","2":"type-page","3":"status-publish","5":"entry"},"_links":{"self":[{"href":"https:\/\/www.fibrecableconnect.de\/en\/wp-json\/wp\/v2\/pages\/1475","targetHints":{"allow":["GET"]}}],"collection":[{"href":"https:\/\/www.fibrecableconnect.de\/en\/wp-json\/wp\/v2\/pages"}],"about":[{"href":"https:\/\/www.fibrecableconnect.de\/en\/wp-json\/wp\/v2\/types\/page"}],"author":[{"embeddable":true,"href":"https:\/\/www.fibrecableconnect.de\/en\/wp-json\/wp\/v2\/users\/3"}],"replies":[{"embeddable":true,"href":"https:\/\/www.fibrecableconnect.de\/en\/wp-json\/wp\/v2\/comments?post=1475"}],"version-history":[{"count":2,"href":"https:\/\/www.fibrecableconnect.de\/en\/wp-json\/wp\/v2\/pages\/1475\/revisions"}],"predecessor-version":[{"id":1478,"href":"https:\/\/www.fibrecableconnect.de\/en\/wp-json\/wp\/v2\/pages\/1475\/revisions\/1478"}],"up":[{"embeddable":true,"href":"https:\/\/www.fibrecableconnect.de\/en\/wp-json\/wp\/v2\/pages\/1464"}],"wp:attachment":[{"href":"https:\/\/www.fibrecableconnect.de\/en\/wp-json\/wp\/v2\/media?parent=1475"}],"curies":[{"name":"wp","href":"https:\/\/api.w.org\/{rel}","templated":true}]}}